{"id":3061,"date":"2023-09-05T12:28:37","date_gmt":"2023-09-05T10:28:37","guid":{"rendered":"https:\/\/www.akeron.com\/tarko\/?page_id=3061"},"modified":"2026-03-10T11:05:29","modified_gmt":"2026-03-10T10:05:29","slug":"sam-corporate","status":"publish","type":"page","link":"https:\/\/www.akeron.com\/tarko\/business-partners-and-network\/sam-corporate\/","title":{"rendered":"SAM Corporate"},"content":{"rendered":"\t\t<div data-elementor-type=\"wp-page\" data-elementor-id=\"3061\" class=\"elementor elementor-3061\" data-elementor-post-type=\"page\">\n\t\t\t\t\t\t\t\t\t<section class=\"elementor-section elementor-top-section elementor-element elementor-element-dbfe179 Platform Breadcrumb elementor-section-boxed elementor-section-height-default elementor-section-height-default\" data-id=\"dbfe179\" data-element_type=\"section\" data-settings=\"{&quot;background_background&quot;:&quot;classic&quot;}\">\n\t\t\t\t\t\t<div class=\"elementor-container elementor-column-gap-default\">\n\t\t\t\t\t<div class=\"elementor-column elementor-col-100 elementor-top-column elementor-element elementor-element-d74a841\" data-id=\"d74a841\" data-element_type=\"column\">\n\t\t\t<div class=\"elementor-widget-wrap elementor-element-populated\">\n\t\t\t\t\t\t\t\t<section class=\"elementor-section elementor-inner-section elementor-element elementor-element-42c1c87 elementor-section-boxed elementor-section-height-default elementor-section-height-default\" data-id=\"42c1c87\" data-element_type=\"section\">\n\t\t\t\t\t\t<div class=\"elementor-container elementor-column-gap-default\">\n\t\t\t\t\t<div class=\"elementor-column elementor-col-100 elementor-inner-column elementor-element elementor-element-774f8c1\" data-id=\"774f8c1\" data-element_type=\"column\">\n\t\t\t<div class=\"elementor-widget-wrap elementor-element-populated\">\n\t\t\t\t\t\t\t\t<div class=\"elementor-element elementor-element-673d7bf elementor-widget elementor-widget-shortcode\" data-id=\"673d7bf\" data-element_type=\"widget\" data-widget_type=\"shortcode.default\">\n\t\t\t\t<div class=\"elementor-widget-container\">\n\t\t\t    <div class=\"breadcrumbs\" typeof=\"BreadcrumbList\" vocab=\"https:\/\/schema.org\/\">\n    <!-- Breadcrumb NavXT 7.3.0 -->\n<span property=\"itemListElement\" typeof=\"ListItem\"><a property=\"item\" typeof=\"WebPage\" title=\"Vai a Akeron.\" href=\"https:\/\/www.akeron.com\" class=\"main-home\" ><span property=\"name\">Akeron<\/span><\/a><meta property=\"position\" content=\"1\"><\/span><i>\/<\/i><span property=\"itemListElement\" typeof=\"ListItem\"><a property=\"item\" typeof=\"WebPage\" title=\"Vai a Tarko Software Platform.\" href=\"https:\/\/www.akeron.com\/tarko\" class=\"home\" aria-current=\"page\"><span property=\"name\">Tarko Software Platform<\/span><\/a><meta property=\"position\" content=\"2\"><\/span>    <\/div>\t\t<div class=\"elementor-shortcode\"><\/div>\n\t\t\t\t<\/div>\n\t\t\t\t<\/div>\n\t\t\t\t\t<\/div>\n\t\t<\/div>\n\t\t\t\t\t\t\t<\/div>\n\t\t<\/section>\n\t\t\t\t\t<\/div>\n\t\t<\/div>\n\t\t\t\t\t\t\t<\/div>\n\t\t<\/section>\n\t\t\t\t<section class=\"elementor-section elementor-top-section elementor-element elementor-element-949a3ef elementor-section-boxed elementor-section-height-default elementor-section-height-default\" data-id=\"949a3ef\" data-element_type=\"section\">\n\t\t\t\t\t\t<div class=\"elementor-container elementor-column-gap-default\">\n\t\t\t\t\t<div class=\"elementor-column elementor-col-100 elementor-top-column elementor-element elementor-element-6f51f3a\" data-id=\"6f51f3a\" data-element_type=\"column\">\n\t\t\t<div class=\"elementor-widget-wrap elementor-element-populated\">\n\t\t\t\t\t\t\t\t<section class=\"elementor-section elementor-inner-section elementor-element elementor-element-5b1444a Breadcrumb elementor-section-boxed elementor-section-height-default elementor-section-height-default\" data-id=\"5b1444a\" data-element_type=\"section\">\n\t\t\t\t\t\t<div class=\"elementor-container elementor-column-gap-default\">\n\t\t\t\t\t<div class=\"elementor-column elementor-col-100 elementor-inner-column elementor-element elementor-element-a0a471d\" data-id=\"a0a471d\" data-element_type=\"column\">\n\t\t\t<div class=\"elementor-widget-wrap\">\n\t\t\t\t\t\t\t\t\t<\/div>\n\t\t<\/div>\n\t\t\t\t\t\t\t<\/div>\n\t\t<\/section>\n\t\t\t\t<section class=\"elementor-section elementor-inner-section elementor-element elementor-element-89e41e5 elementor-section-boxed elementor-section-height-default elementor-section-height-default\" data-id=\"89e41e5\" data-element_type=\"section\">\n\t\t\t\t\t\t<div class=\"elementor-container elementor-column-gap-default\">\n\t\t\t\t\t<div class=\"elementor-column elementor-col-100 elementor-inner-column elementor-element elementor-element-9d9ac55\" data-id=\"9d9ac55\" data-element_type=\"column\">\n\t\t\t<div class=\"elementor-widget-wrap elementor-element-populated\">\n\t\t\t\t\t\t\t\t<div class=\"elementor-element elementor-element-c1abf01 elementor-widget elementor-widget-heading\" data-id=\"c1abf01\" data-element_type=\"widget\" data-widget_type=\"heading.default\">\n\t\t\t\t<div class=\"elementor-widget-container\">\n\t\t\t<style>\/*! elementor - v3.15.0 - 20-08-2023 *\/\n.elementor-heading-title{padding:0;margin:0;line-height:1}.elementor-widget-heading .elementor-heading-title[class*=elementor-size-]>a{color:inherit;font-size:inherit;line-height:inherit}.elementor-widget-heading .elementor-heading-title.elementor-size-small{font-size:15px}.elementor-widget-heading .elementor-heading-title.elementor-size-medium{font-size:19px}.elementor-widget-heading .elementor-heading-title.elementor-size-large{font-size:29px}.elementor-widget-heading .elementor-heading-title.elementor-size-xl{font-size:39px}.elementor-widget-heading .elementor-heading-title.elementor-size-xxl{font-size:59px}<\/style><h1 class=\"elementor-heading-title elementor-size-default\">SAM Corporate<\/h1>\t\t<\/div>\n\t\t\t\t<\/div>\n\t\t\t\t<div class=\"elementor-element elementor-element-574b7c3 elementor-widget elementor-widget-heading\" data-id=\"574b7c3\" data-element_type=\"widget\" data-widget_type=\"heading.default\">\n\t\t\t\t<div class=\"elementor-widget-container\">\n\t\t\t<div class=\"elementor-heading-title elementor-size-default\">Zona: Middle East<\/div>\t\t<\/div>\n\t\t\t\t<\/div>\n\t\t\t\t\t<\/div>\n\t\t<\/div>\n\t\t\t\t\t\t\t<\/div>\n\t\t<\/section>\n\t\t\t\t<section class=\"elementor-section elementor-inner-section elementor-element elementor-element-f5096e8 elementor-section-boxed elementor-section-height-default elementor-section-height-default\" data-id=\"f5096e8\" data-element_type=\"section\">\n\t\t\t\t\t\t<div class=\"elementor-container elementor-column-gap-default\">\n\t\t\t\t\t<div class=\"elementor-column elementor-col-50 elementor-inner-column elementor-element elementor-element-26c0aec\" data-id=\"26c0aec\" data-element_type=\"column\">\n\t\t\t<div class=\"elementor-widget-wrap elementor-element-populated\">\n\t\t\t\t\t\t\t\t<div class=\"elementor-element elementor-element-48eb3d1 elementor-widget elementor-widget-spacer\" data-id=\"48eb3d1\" data-element_type=\"widget\" data-widget_type=\"spacer.default\">\n\t\t\t\t<div class=\"elementor-widget-container\">\n\t\t\t<style>\/*! elementor - v3.15.0 - 20-08-2023 *\/\n.elementor-column .elementor-spacer-inner{height:var(--spacer-size)}.e-con{--container-widget-width:100%}.e-con-inner>.elementor-widget-spacer,.e-con>.elementor-widget-spacer{width:var(--container-widget-width,var(--spacer-size));--align-self:var(--container-widget-align-self,initial);--flex-shrink:0}.e-con-inner>.elementor-widget-spacer>.elementor-widget-container,.e-con-inner>.elementor-widget-spacer>.elementor-widget-container>.elementor-spacer,.e-con>.elementor-widget-spacer>.elementor-widget-container,.e-con>.elementor-widget-spacer>.elementor-widget-container>.elementor-spacer{height:100%}.e-con-inner>.elementor-widget-spacer>.elementor-widget-container>.elementor-spacer>.elementor-spacer-inner,.e-con>.elementor-widget-spacer>.elementor-widget-container>.elementor-spacer>.elementor-spacer-inner{height:var(--container-widget-height,var(--spacer-size))}<\/style>\t\t<div class=\"elementor-spacer\">\n\t\t\t<div class=\"elementor-spacer-inner\"><\/div>\n\t\t<\/div>\n\t\t\t\t<\/div>\n\t\t\t\t<\/div>\n\t\t\t\t<div class=\"elementor-element elementor-element-8212290 elementor-widget elementor-widget-text-editor\" data-id=\"8212290\" data-element_type=\"widget\" data-widget_type=\"text-editor.default\">\n\t\t\t\t<div class=\"elementor-widget-container\">\n\t\t\t<style>\/*! elementor - v3.15.0 - 20-08-2023 *\/\n.elementor-widget-text-editor.elementor-drop-cap-view-stacked .elementor-drop-cap{background-color:#69727d;color:#fff}.elementor-widget-text-editor.elementor-drop-cap-view-framed .elementor-drop-cap{color:#69727d;border:3px solid;background-color:transparent}.elementor-widget-text-editor:not(.elementor-drop-cap-view-default) .elementor-drop-cap{margin-top:8px}.elementor-widget-text-editor:not(.elementor-drop-cap-view-default) .elementor-drop-cap-letter{width:1em;height:1em}.elementor-widget-text-editor .elementor-drop-cap{float:left;text-align:center;line-height:1;font-size:50px}.elementor-widget-text-editor .elementor-drop-cap-letter{display:inline-block}<\/style>\t\t\t\t<p>SAM Corporate \u00e8 un&#8217;azienda leader nel settore FinTech, specializzata nella fornitura di soluzioni di alta qualit\u00e0 per consolidamenti complessi, budget basati su driver, pianificazione a lungo termine, previsione continuativa, IFRS9, IFRS16, IFRS17, ALM, tesoreria, rischio di liquidit\u00e0, reporting normativo, MIS finanziario e acceleratori finanziari, AML\/KYC, anticorruzione e prevenzione delle frodi e gestione dei progetti. In qualit\u00e0 di esperti globali, SAM Corporate offre soluzioni completamente ottimizzate che sono classificate al primo posto da Gartner e Chartis.<\/p><p>Il nostro portafoglio di progetti di successo comprende varie imprese, tra cui importanti aziende familiari, conglomerati e societ\u00e0 di gruppo che operano nei settori dell&#8217;ospitalit\u00e0, della sanit\u00e0, della vendita al dettaglio, della produzione e di altro tipo. I nostri successi vanno dall&#8217;Australia al Canada e oltre.<\/p><p>Con un ampio portafoglio di soluzioni diversificate, SAM Corporate dispone di un team di esperti con comprovata esperienza in molteplici settori come banche, assicurazioni, servizi finanziari, produzione, costruzioni, appalti, servizi, logistica e distribuzione. I loro esperto hanno anni di esperienza internazionale in vendite, implementazione e conoscenza del prodotto in finanza, gestione del rischio e gestione delle prestazioni aziendali.<\/p><p>Per offrire un servizio eccezionale, SAM Corporate combina tre fattori vincenti: soluzioni, supporto e consulenza, tutti offerti sotto un&#8217;unica organizzazione ad ombrello e un team fortemente dedicato. SAM Group ha uffici negli Emirati Arabi Uniti, Regno Unito, India; consociate in tutto il mondo e lavora a stretto contatto con partner, rivenditori e specialisti di tecnologia per garantire operazioni lineari in vari paesi del mondo.<\/p>\t\t\t\t\t\t<\/div>\n\t\t\t\t<\/div>\n\t\t\t\t\t<\/div>\n\t\t<\/div>\n\t\t\t\t<div class=\"elementor-column elementor-col-50 elementor-inner-column elementor-element elementor-element-baf0869\" data-id=\"baf0869\" data-element_type=\"column\">\n\t\t\t<div class=\"elementor-widget-wrap elementor-element-populated\">\n\t\t\t\t\t\t\t\t<div class=\"elementor-element elementor-element-d5cc640 elementor-widget elementor-widget-heading\" data-id=\"d5cc640\" data-element_type=\"widget\" data-widget_type=\"heading.default\">\n\t\t\t\t<div class=\"elementor-widget-container\">\n\t\t\t<div class=\"elementor-heading-title elementor-size-default\">Email<\/div>\t\t<\/div>\n\t\t\t\t<\/div>\n\t\t\t\t<div class=\"elementor-element elementor-element-74a25d6 elementor-widget elementor-widget-heading\" data-id=\"74a25d6\" data-element_type=\"widget\" data-widget_type=\"heading.default\">\n\t\t\t\t<div class=\"elementor-widget-container\">\n\t\t\t<div class=\"elementor-heading-title elementor-size-default\">touchbase@samcorporate.com <\/div>\t\t<\/div>\n\t\t\t\t<\/div>\n\t\t\t\t<div class=\"elementor-element elementor-element-5d22788 elementor-widget elementor-widget-heading\" data-id=\"5d22788\" data-element_type=\"widget\" data-widget_type=\"heading.default\">\n\t\t\t\t<div class=\"elementor-widget-container\">\n\t\t\t<div class=\"elementor-heading-title elementor-size-default\">Sito Internet<\/div>\t\t<\/div>\n\t\t\t\t<\/div>\n\t\t\t\t<div class=\"elementor-element elementor-element-e9178d1 elementor-widget elementor-widget-heading\" data-id=\"e9178d1\" data-element_type=\"widget\" data-widget_type=\"heading.default\">\n\t\t\t\t<div class=\"elementor-widget-container\">\n\t\t\t<div class=\"elementor-heading-title elementor-size-default\"><a href=\"https:\/\/samcorporate.com\/\" target=\"_blank\">www.samcorporate.com<\/a><\/div>\t\t<\/div>\n\t\t\t\t<\/div>\n\t\t\t\t<div class=\"elementor-element elementor-element-9fd4d54 elementor-widget elementor-widget-heading\" data-id=\"9fd4d54\" data-element_type=\"widget\" data-widget_type=\"heading.default\">\n\t\t\t\t<div class=\"elementor-widget-container\">\n\t\t\t<div class=\"elementor-heading-title elementor-size-default\">Indirizzo<\/div>\t\t<\/div>\n\t\t\t\t<\/div>\n\t\t\t\t<div class=\"elementor-element elementor-element-f204a1d elementor-widget elementor-widget-heading\" data-id=\"f204a1d\" data-element_type=\"widget\" data-widget_type=\"heading.default\">\n\t\t\t\t<div class=\"elementor-widget-container\">\n\t\t\t<div class=\"elementor-heading-title elementor-size-default\"> 49109, Al Shafar Tower 1, Barsha Heights, Dubai <\/div>\t\t<\/div>\n\t\t\t\t<\/div>\n\t\t\t\t\t<\/div>\n\t\t<\/div>\n\t\t\t\t\t\t\t<\/div>\n\t\t<\/section>\n\t\t\t\t<section class=\"elementor-section elementor-inner-section elementor-element elementor-element-c163646 elementor-hidden-desktop elementor-hidden-tablet elementor-hidden-mobile elementor-section-boxed elementor-section-height-default elementor-section-height-default\" data-id=\"c163646\" data-element_type=\"section\">\n\t\t\t\t\t\t<div class=\"elementor-container elementor-column-gap-default\">\n\t\t\t\t\t<div class=\"elementor-column elementor-col-100 elementor-inner-column elementor-element elementor-element-384e43b\" data-id=\"384e43b\" data-element_type=\"column\">\n\t\t\t<div class=\"elementor-widget-wrap elementor-element-populated\">\n\t\t\t\t\t\t\t\t<div class=\"elementor-element elementor-element-b11f755 elementor-widget elementor-widget-text-editor\" data-id=\"b11f755\" data-element_type=\"widget\" data-widget_type=\"text-editor.default\">\n\t\t\t\t<div class=\"elementor-widget-container\">\n\t\t\t\t\t\t\t<p>Aliquam nec pretium arcu, in tempor quam. Nullam sagittis sem a tellus blandit blandit. Lorem ipsum dolor sit amet, consectetur adipiscing elit. Nam laoreet dolor nisi, id dignissim neque pellentesque vel. Nunc sed diam et dolor porttitor pretium eu id est. Maecenas tempor sem eget augue posuere, id pulvinar velit volutpat. Nulla quis sapien id velit ultricies cursus. In eu ultrices velit. Maecenas porta malesuada eros vel luctus. Duis a sagittis odio, pharetra cursus sem. Etiam quis suscipit mi.<\/p><p>In viverra felis a urna lobortis imperdiet. Vestibulum ante ipsum primis in faucibus orci luctus et ultrices posuere cubilia curae; Integer dictum est diam, quis pellentesque enim vestibulum sed. Nunc convallis elit vel urna posuere dapibus. Vivamus urna est, ultricies sit amet bibendum non, sollicitudin vitae odio. Donec nec metus purus. Donec sed dui velit.<\/p>\t\t\t\t\t\t<\/div>\n\t\t\t\t<\/div>\n\t\t\t\t\t<\/div>\n\t\t<\/div>\n\t\t\t\t\t\t\t<\/div>\n\t\t<\/section>\n\t\t\t\t\t<\/div>\n\t\t<\/div>\n\t\t\t\t\t\t\t<\/div>\n\t\t<\/section>\n\t\t\t\t\t\t\t<\/div>\n\t\t","protected":false},"excerpt":{"rendered":"<p>SAM Corporate Zona: Middle East SAM Corporate \u00e8 un&#8217;azienda leader nel settore FinTech, specializzata nella fornitura di soluzioni di alta qualit\u00e0 per consolidamenti complessi, budget basati su driver, pianificazione a lungo termine, previsione continuativa, IFRS9, IFRS16, IFRS17, ALM, tesoreria, rischio di liquidit\u00e0, reporting normativo, MIS finanziario e acceleratori finanziari, AML\/KYC, anticorruzione e prevenzione delle frodi [&hellip;]<\/p>\n","protected":false},"author":2,"featured_media":0,"parent":2834,"menu_order":0,"comment_status":"closed","ping_status":"closed","template":"","meta":{"content-type":"","inline_featured_image":false,"footnotes":""},"folder":[32],"acf":[],"yoast_head":"<!-- This site is optimized with the Yoast SEO plugin v22.1 - https:\/\/yoast.com\/wordpress\/plugins\/seo\/ -->\n<title>SAM Corporate \u2013 Business Partner di Tarko by Akeron<\/title>\n<meta name=\"description\" content=\"SAM Corporate \u00e8 partner di Tarko by Akeron e supporta le aziende nella digitalizzazione e nella gestione avanzata dei progetti.\" \/>\n<meta name=\"robots\" content=\"index, follow, max-snippet:-1, max-image-preview:large, max-video-preview:-1\" \/>\n<link rel=\"canonical\" href=\"https:\/\/www.akeron.com\/tarko\/business-partners-and-network\/sam-corporate\/\" \/>\n<meta property=\"og:locale\" content=\"it_IT\" \/>\n<meta property=\"og:type\" content=\"article\" \/>\n<meta property=\"og:title\" content=\"SAM Corporate \u2013 Business Partner di Tarko by Akeron\" \/>\n<meta property=\"og:description\" content=\"SAM Corporate \u00e8 partner di Tarko by Akeron e supporta le aziende nella digitalizzazione e nella gestione avanzata dei progetti.\" \/>\n<meta property=\"og:url\" content=\"https:\/\/www.akeron.com\/tarko\/business-partners-and-network\/sam-corporate\/\" \/>\n<meta property=\"og:site_name\" content=\"Tarko Software Platform\" \/>\n<meta property=\"article:modified_time\" content=\"2026-03-10T10:05:29+00:00\" \/>\n<meta name=\"twitter:card\" content=\"summary_large_image\" \/>\n<meta name=\"twitter:label1\" content=\"Tempo di lettura stimato\" \/>\n\t<meta name=\"twitter:data1\" content=\"3 minuti\" \/>\n<script type=\"application\/ld+json\" class=\"yoast-schema-graph\">{\"@context\":\"https:\/\/schema.org\",\"@graph\":[{\"@type\":\"WebPage\",\"@id\":\"https:\/\/www.akeron.com\/tarko\/business-partners-and-network\/sam-corporate\/\",\"url\":\"https:\/\/www.akeron.com\/tarko\/business-partners-and-network\/sam-corporate\/\",\"name\":\"SAM Corporate \u2013 Business Partner di Tarko by Akeron\",\"isPartOf\":{\"@id\":\"https:\/\/www.akeron.com\/tarko\/#website\"},\"datePublished\":\"2023-09-05T10:28:37+00:00\",\"dateModified\":\"2026-03-10T10:05:29+00:00\",\"description\":\"SAM Corporate \u00e8 partner di Tarko by Akeron e supporta le aziende nella digitalizzazione e nella gestione avanzata dei progetti.\",\"breadcrumb\":{\"@id\":\"https:\/\/www.akeron.com\/tarko\/business-partners-and-network\/sam-corporate\/#breadcrumb\"},\"inLanguage\":\"it-IT\",\"potentialAction\":[{\"@type\":\"ReadAction\",\"target\":[\"https:\/\/www.akeron.com\/tarko\/business-partners-and-network\/sam-corporate\/\"]}]},{\"@type\":\"BreadcrumbList\",\"@id\":\"https:\/\/www.akeron.com\/tarko\/business-partners-and-network\/sam-corporate\/#breadcrumb\",\"itemListElement\":[{\"@type\":\"ListItem\",\"position\":1,\"name\":\"Home\",\"item\":\"https:\/\/www.akeron.com\/tarko\/\"},{\"@type\":\"ListItem\",\"position\":2,\"name\":\"Business Partners and Network\",\"item\":\"https:\/\/www.akeron.com\/tarko\/business-partners-and-network\/\"},{\"@type\":\"ListItem\",\"position\":3,\"name\":\"SAM Corporate\"}]},{\"@type\":\"WebSite\",\"@id\":\"https:\/\/www.akeron.com\/tarko\/#website\",\"url\":\"https:\/\/www.akeron.com\/tarko\/\",\"name\":\"Tarko Software Platform\",\"description\":\"Quando i progetti sono il cuore del tuo business\",\"publisher\":{\"@id\":\"https:\/\/www.akeron.com\/tarko\/#organization\"},\"potentialAction\":[{\"@type\":\"SearchAction\",\"target\":{\"@type\":\"EntryPoint\",\"urlTemplate\":\"https:\/\/www.akeron.com\/tarko\/?s={search_term_string}\"},\"query-input\":\"required name=search_term_string\"}],\"inLanguage\":\"it-IT\"},{\"@type\":\"Organization\",\"@id\":\"https:\/\/www.akeron.com\/tarko\/#organization\",\"name\":\"Tarko Software Platform\",\"url\":\"https:\/\/www.akeron.com\/tarko\/\",\"logo\":{\"@type\":\"ImageObject\",\"inLanguage\":\"it-IT\",\"@id\":\"https:\/\/www.akeron.com\/tarko\/#\/schema\/logo\/image\/\",\"url\":\"https:\/\/www.akeron.com\/tarko\/wp-content\/uploads\/sites\/3\/2023\/05\/LogoTarkoDef.svg\",\"contentUrl\":\"https:\/\/www.akeron.com\/tarko\/wp-content\/uploads\/sites\/3\/2023\/05\/LogoTarkoDef.svg\",\"caption\":\"Tarko Software Platform\"},\"image\":{\"@id\":\"https:\/\/www.akeron.com\/tarko\/#\/schema\/logo\/image\/\"}}]}<\/script>\n<!-- \/ Yoast SEO plugin. -->","yoast_head_json":{"title":"SAM Corporate \u2013 Business Partner di Tarko by Akeron","description":"SAM Corporate \u00e8 partner di Tarko by Akeron e supporta le aziende nella digitalizzazione e nella gestione avanzata dei progetti.","robots":{"index":"index","follow":"follow","max-snippet":"max-snippet:-1","max-image-preview":"max-image-preview:large","max-video-preview":"max-video-preview:-1"},"canonical":"https:\/\/www.akeron.com\/tarko\/business-partners-and-network\/sam-corporate\/","og_locale":"it_IT","og_type":"article","og_title":"SAM Corporate \u2013 Business Partner di Tarko by Akeron","og_description":"SAM Corporate \u00e8 partner di Tarko by Akeron e supporta le aziende nella digitalizzazione e nella gestione avanzata dei progetti.","og_url":"https:\/\/www.akeron.com\/tarko\/business-partners-and-network\/sam-corporate\/","og_site_name":"Tarko Software Platform","article_modified_time":"2026-03-10T10:05:29+00:00","twitter_card":"summary_large_image","twitter_misc":{"Tempo di lettura stimato":"3 minuti"},"schema":{"@context":"https:\/\/schema.org","@graph":[{"@type":"WebPage","@id":"https:\/\/www.akeron.com\/tarko\/business-partners-and-network\/sam-corporate\/","url":"https:\/\/www.akeron.com\/tarko\/business-partners-and-network\/sam-corporate\/","name":"SAM Corporate \u2013 Business Partner di Tarko by Akeron","isPartOf":{"@id":"https:\/\/www.akeron.com\/tarko\/#website"},"datePublished":"2023-09-05T10:28:37+00:00","dateModified":"2026-03-10T10:05:29+00:00","description":"SAM Corporate \u00e8 partner di Tarko by Akeron e supporta le aziende nella digitalizzazione e nella gestione avanzata dei progetti.","breadcrumb":{"@id":"https:\/\/www.akeron.com\/tarko\/business-partners-and-network\/sam-corporate\/#breadcrumb"},"inLanguage":"it-IT","potentialAction":[{"@type":"ReadAction","target":["https:\/\/www.akeron.com\/tarko\/business-partners-and-network\/sam-corporate\/"]}]},{"@type":"BreadcrumbList","@id":"https:\/\/www.akeron.com\/tarko\/business-partners-and-network\/sam-corporate\/#breadcrumb","itemListElement":[{"@type":"ListItem","position":1,"name":"Home","item":"https:\/\/www.akeron.com\/tarko\/"},{"@type":"ListItem","position":2,"name":"Business Partners and Network","item":"https:\/\/www.akeron.com\/tarko\/business-partners-and-network\/"},{"@type":"ListItem","position":3,"name":"SAM Corporate"}]},{"@type":"WebSite","@id":"https:\/\/www.akeron.com\/tarko\/#website","url":"https:\/\/www.akeron.com\/tarko\/","name":"Tarko Software Platform","description":"Quando i progetti sono il cuore del tuo business","publisher":{"@id":"https:\/\/www.akeron.com\/tarko\/#organization"},"potentialAction":[{"@type":"SearchAction","target":{"@type":"EntryPoint","urlTemplate":"https:\/\/www.akeron.com\/tarko\/?s={search_term_string}"},"query-input":"required name=search_term_string"}],"inLanguage":"it-IT"},{"@type":"Organization","@id":"https:\/\/www.akeron.com\/tarko\/#organization","name":"Tarko Software Platform","url":"https:\/\/www.akeron.com\/tarko\/","logo":{"@type":"ImageObject","inLanguage":"it-IT","@id":"https:\/\/www.akeron.com\/tarko\/#\/schema\/logo\/image\/","url":"https:\/\/www.akeron.com\/tarko\/wp-content\/uploads\/sites\/3\/2023\/05\/LogoTarkoDef.svg","contentUrl":"https:\/\/www.akeron.com\/tarko\/wp-content\/uploads\/sites\/3\/2023\/05\/LogoTarkoDef.svg","caption":"Tarko Software Platform"},"image":{"@id":"https:\/\/www.akeron.com\/tarko\/#\/schema\/logo\/image\/"}}]}},"_links":{"self":[{"href":"https:\/\/www.akeron.com\/tarko\/wp-json\/wp\/v2\/pages\/3061"}],"collection":[{"href":"https:\/\/www.akeron.com\/tarko\/wp-json\/wp\/v2\/pages"}],"about":[{"href":"https:\/\/www.akeron.com\/tarko\/wp-json\/wp\/v2\/types\/page"}],"author":[{"embeddable":true,"href":"https:\/\/www.akeron.com\/tarko\/wp-json\/wp\/v2\/users\/2"}],"replies":[{"embeddable":true,"href":"https:\/\/www.akeron.com\/tarko\/wp-json\/wp\/v2\/comments?post=3061"}],"version-history":[{"count":29,"href":"https:\/\/www.akeron.com\/tarko\/wp-json\/wp\/v2\/pages\/3061\/revisions"}],"predecessor-version":[{"id":107542,"href":"https:\/\/www.akeron.com\/tarko\/wp-json\/wp\/v2\/pages\/3061\/revisions\/107542"}],"up":[{"embeddable":true,"href":"https:\/\/www.akeron.com\/tarko\/wp-json\/wp\/v2\/pages\/2834"}],"wp:attachment":[{"href":"https:\/\/www.akeron.com\/tarko\/wp-json\/wp\/v2\/media?parent=3061"}],"wp:term":[{"taxonomy":"folder","embeddable":true,"href":"https:\/\/www.akeron.com\/tarko\/wp-json\/wp\/v2\/folder?post=3061"}],"curies":[{"name":"wp","href":"https:\/\/api.w.org\/{rel}","templated":true}]}}