{"id":115276,"date":"2025-08-07T09:20:45","date_gmt":"2025-08-07T07:20:45","guid":{"rendered":"https:\/\/www.akeron.com\/vulki\/partenaires-conseil-integrateur\/accenture\/"},"modified":"2026-03-12T11:54:10","modified_gmt":"2026-03-12T10:54:10","slug":"accenture","status":"publish","type":"page","link":"https:\/\/www.akeron.com\/vulki\/fr\/partenaires-conseil-integrateur\/accenture\/","title":{"rendered":"Accenture"},"content":{"rendered":"\t\t<div data-elementor-type=\"wp-page\" data-elementor-id=\"115276\" class=\"elementor elementor-115276 elementor-115125\" data-elementor-post-type=\"page\">\n\t\t\t\t\t\t\t\t\t<section class=\"elementor-section elementor-top-section elementor-element elementor-element-b2c49db Breadcrumb elementor-hidden-desktop elementor-hidden-tablet elementor-hidden-mobile elementor-section-boxed elementor-section-height-default elementor-section-height-default\" data-id=\"b2c49db\" data-element_type=\"section\" data-settings=\"{&quot;background_background&quot;:&quot;classic&quot;}\">\n\t\t\t\t\t\t<div class=\"elementor-container elementor-column-gap-default\">\n\t\t\t\t\t<div class=\"elementor-column elementor-col-100 elementor-top-column elementor-element elementor-element-4e26ee6\" data-id=\"4e26ee6\" data-element_type=\"column\">\n\t\t\t<div class=\"elementor-widget-wrap elementor-element-populated\">\n\t\t\t\t\t\t\t\t<section class=\"elementor-section elementor-inner-section elementor-element elementor-element-bce0156 elementor-section-boxed elementor-section-height-default elementor-section-height-default\" data-id=\"bce0156\" data-element_type=\"section\">\n\t\t\t\t\t\t<div class=\"elementor-container elementor-column-gap-default\">\n\t\t\t\t\t<div class=\"elementor-column elementor-col-100 elementor-inner-column elementor-element elementor-element-b9aa407\" data-id=\"b9aa407\" data-element_type=\"column\">\n\t\t\t<div class=\"elementor-widget-wrap elementor-element-populated\">\n\t\t\t\t\t\t\t\t<div class=\"elementor-element elementor-element-6ab3c03 elementor-widget elementor-widget-shortcode\" data-id=\"6ab3c03\" data-element_type=\"widget\" data-widget_type=\"shortcode.default\">\n\t\t\t\t<div class=\"elementor-widget-container\">\n\t\t\t    <div class=\"breadcrumbs\" typeof=\"BreadcrumbList\" vocab=\"https:\/\/schema.org\/\">\n    <!-- Breadcrumb NavXT 7.3.0 -->\n<span property=\"itemListElement\" typeof=\"ListItem\"><a property=\"item\" typeof=\"WebPage\" title=\"Go to Akeron.\" href=\"https:\/\/www.akeron.com\/\" class=\"main-home\" ><span property=\"name\">Akeron<\/span><\/a><meta property=\"position\" content=\"1\"><\/span><i>\/<\/i><span property=\"itemListElement\" typeof=\"ListItem\"><a property=\"item\" typeof=\"WebPage\" title=\"Go to Vulki Software Platform.\" href=\"https:\/\/www.akeron.com\/vulki\/fr\/\" class=\"home\" aria-current=\"page\"><span property=\"name\">Vulki Software Platform<\/span><\/a><meta property=\"position\" content=\"2\"><\/span>    <\/div>\t\t<div class=\"elementor-shortcode\"><\/div>\n\t\t\t\t<\/div>\n\t\t\t\t<\/div>\n\t\t\t\t\t<\/div>\n\t\t<\/div>\n\t\t\t\t\t\t\t<\/div>\n\t\t<\/section>\n\t\t\t\t\t<\/div>\n\t\t<\/div>\n\t\t\t\t\t\t\t<\/div>\n\t\t<\/section>\n\t\t\t\t<section class=\"elementor-section elementor-top-section elementor-element elementor-element-bef1f5a elementor-section-boxed elementor-section-height-default elementor-section-height-default\" data-id=\"bef1f5a\" data-element_type=\"section\">\n\t\t\t\t\t\t<div class=\"elementor-container elementor-column-gap-default\">\n\t\t\t\t\t<div class=\"elementor-column elementor-col-100 elementor-top-column elementor-element elementor-element-f16224d\" data-id=\"f16224d\" data-element_type=\"column\">\n\t\t\t<div class=\"elementor-widget-wrap elementor-element-populated\">\n\t\t\t\t\t\t\t\t<section class=\"elementor-section elementor-inner-section elementor-element elementor-element-7bce8b3 elementor-section-boxed elementor-section-height-default elementor-section-height-default\" data-id=\"7bce8b3\" data-element_type=\"section\">\n\t\t\t\t\t\t<div class=\"elementor-container elementor-column-gap-default\">\n\t\t\t\t\t<div class=\"elementor-column elementor-col-100 elementor-inner-column elementor-element elementor-element-162b07e\" data-id=\"162b07e\" data-element_type=\"column\">\n\t\t\t<div class=\"elementor-widget-wrap elementor-element-populated\">\n\t\t\t\t\t\t\t\t<div class=\"elementor-element elementor-element-bc58cf3 elementor-widget elementor-widget-heading\" data-id=\"bc58cf3\" data-element_type=\"widget\" data-widget_type=\"heading.default\">\n\t\t\t\t<div class=\"elementor-widget-container\">\n\t\t\t<style>\/*! elementor - v3.15.0 - 20-08-2023 *\/\n.elementor-heading-title{padding:0;margin:0;line-height:1}.elementor-widget-heading .elementor-heading-title[class*=elementor-size-]>a{color:inherit;font-size:inherit;line-height:inherit}.elementor-widget-heading .elementor-heading-title.elementor-size-small{font-size:15px}.elementor-widget-heading .elementor-heading-title.elementor-size-medium{font-size:19px}.elementor-widget-heading .elementor-heading-title.elementor-size-large{font-size:29px}.elementor-widget-heading .elementor-heading-title.elementor-size-xl{font-size:39px}.elementor-widget-heading .elementor-heading-title.elementor-size-xxl{font-size:59px}<\/style><h1 class=\"elementor-heading-title elementor-size-default\">Accenture<\/h1>\t\t<\/div>\n\t\t\t\t<\/div>\n\t\t\t\t<div class=\"elementor-element elementor-element-ad32b12 elementor-widget elementor-widget-heading\" data-id=\"ad32b12\" data-element_type=\"widget\" data-widget_type=\"heading.default\">\n\t\t\t\t<div class=\"elementor-widget-container\">\n\t\t\t<div class=\"elementor-heading-title elementor-size-default\">Zone:  Global<\/div>\t\t<\/div>\n\t\t\t\t<\/div>\n\t\t\t\t<div class=\"elementor-element elementor-element-cd84166 elementor-widget elementor-widget-spacer\" data-id=\"cd84166\" data-element_type=\"widget\" data-widget_type=\"spacer.default\">\n\t\t\t\t<div class=\"elementor-widget-container\">\n\t\t\t<style>\/*! elementor - v3.15.0 - 20-08-2023 *\/\n.elementor-column .elementor-spacer-inner{height:var(--spacer-size)}.e-con{--container-widget-width:100%}.e-con-inner>.elementor-widget-spacer,.e-con>.elementor-widget-spacer{width:var(--container-widget-width,var(--spacer-size));--align-self:var(--container-widget-align-self,initial);--flex-shrink:0}.e-con-inner>.elementor-widget-spacer>.elementor-widget-container,.e-con-inner>.elementor-widget-spacer>.elementor-widget-container>.elementor-spacer,.e-con>.elementor-widget-spacer>.elementor-widget-container,.e-con>.elementor-widget-spacer>.elementor-widget-container>.elementor-spacer{height:100%}.e-con-inner>.elementor-widget-spacer>.elementor-widget-container>.elementor-spacer>.elementor-spacer-inner,.e-con>.elementor-widget-spacer>.elementor-widget-container>.elementor-spacer>.elementor-spacer-inner{height:var(--container-widget-height,var(--spacer-size))}<\/style>\t\t<div class=\"elementor-spacer\">\n\t\t\t<div class=\"elementor-spacer-inner\"><\/div>\n\t\t<\/div>\n\t\t\t\t<\/div>\n\t\t\t\t<\/div>\n\t\t\t\t\t<\/div>\n\t\t<\/div>\n\t\t\t\t\t\t\t<\/div>\n\t\t<\/section>\n\t\t\t\t<section class=\"elementor-section elementor-inner-section elementor-element elementor-element-b149fba elementor-section-boxed elementor-section-height-default elementor-section-height-default\" data-id=\"b149fba\" data-element_type=\"section\">\n\t\t\t\t\t\t<div class=\"elementor-container elementor-column-gap-default\">\n\t\t\t\t\t<div class=\"elementor-column elementor-col-50 elementor-inner-column elementor-element elementor-element-0bf3e32\" data-id=\"0bf3e32\" data-element_type=\"column\">\n\t\t\t<div class=\"elementor-widget-wrap elementor-element-populated\">\n\t\t\t\t\t\t\t\t<div class=\"elementor-element elementor-element-2f382e8 elementor-widget elementor-widget-spacer\" data-id=\"2f382e8\" data-element_type=\"widget\" data-widget_type=\"spacer.default\">\n\t\t\t\t<div class=\"elementor-widget-container\">\n\t\t\t\t\t<div class=\"elementor-spacer\">\n\t\t\t<div class=\"elementor-spacer-inner\"><\/div>\n\t\t<\/div>\n\t\t\t\t<\/div>\n\t\t\t\t<\/div>\n\t\t\t\t<div class=\"elementor-element elementor-element-6fae9ce elementor-widget elementor-widget-text-editor\" data-id=\"6fae9ce\" data-element_type=\"widget\" data-widget_type=\"text-editor.default\">\n\t\t\t\t<div class=\"elementor-widget-container\">\n\t\t\t<style>\/*! elementor - v3.15.0 - 20-08-2023 *\/\n.elementor-widget-text-editor.elementor-drop-cap-view-stacked .elementor-drop-cap{background-color:#69727d;color:#fff}.elementor-widget-text-editor.elementor-drop-cap-view-framed .elementor-drop-cap{color:#69727d;border:3px solid;background-color:transparent}.elementor-widget-text-editor:not(.elementor-drop-cap-view-default) .elementor-drop-cap{margin-top:8px}.elementor-widget-text-editor:not(.elementor-drop-cap-view-default) .elementor-drop-cap-letter{width:1em;height:1em}.elementor-widget-text-editor .elementor-drop-cap{float:left;text-align:center;line-height:1;font-size:50px}.elementor-widget-text-editor .elementor-drop-cap-letter{display:inline-block}<\/style>\t\t\t\t<p>Accenture est un leader mondial des services professionnels, sp\u00e9cialis\u00e9 dans les solutions num\u00e9riques, technologiques et de conseil, aidant les entreprises \u00e0 atteindre des performances exceptionnelles.<\/p><p>En combinant une expertise technique en Enterprise Performance Management (EPM), Supply Chain Management (SCM) et Sales Performance Management (SPM) avec une connaissance approfondie des secteurs industriels, Accenture est le partenaire de confiance pour stimuler la croissance, l\u2019efficacit\u00e9 op\u00e9rationnelle et la transformation digitale dans les domaines de la finance, des op\u00e9rations et des ventes.<\/p><p>Avec une pr\u00e9sence mondiale et un r\u00e9seau de bureaux dans plus de 120 pays, nous collaborons avec diff\u00e9rentes \u00e9quipes Accenture pour relever les d\u00e9fis les plus complexes avec agilit\u00e9 et vision strat\u00e9gique.<\/p>\t\t\t\t\t\t<\/div>\n\t\t\t\t<\/div>\n\t\t\t\t\t<\/div>\n\t\t<\/div>\n\t\t\t\t<div class=\"elementor-column elementor-col-50 elementor-inner-column elementor-element elementor-element-fd8f5ba\" data-id=\"fd8f5ba\" data-element_type=\"column\">\n\t\t\t<div class=\"elementor-widget-wrap elementor-element-populated\">\n\t\t\t\t\t\t\t\t<div class=\"elementor-element elementor-element-8f18832 elementor-widget elementor-widget-heading\" data-id=\"8f18832\" data-element_type=\"widget\" data-widget_type=\"heading.default\">\n\t\t\t\t<div class=\"elementor-widget-container\">\n\t\t\t<div class=\"elementor-heading-title elementor-size-default\">Website<\/div>\t\t<\/div>\n\t\t\t\t<\/div>\n\t\t\t\t<div class=\"elementor-element elementor-element-fd3da22 elementor-widget elementor-widget-heading\" data-id=\"fd3da22\" data-element_type=\"widget\" data-widget_type=\"heading.default\">\n\t\t\t\t<div class=\"elementor-widget-container\">\n\t\t\t<div class=\"elementor-heading-title elementor-size-default\"><a href=\"https:\/\/www.accenture.com\/\" target=\"_blank\">www.accenture.com<\/a><\/div>\t\t<\/div>\n\t\t\t\t<\/div>\n\t\t\t\t\t<\/div>\n\t\t<\/div>\n\t\t\t\t\t\t\t<\/div>\n\t\t<\/section>\n\t\t\t\t\t<\/div>\n\t\t<\/div>\n\t\t\t\t\t\t\t<\/div>\n\t\t<\/section>\n\t\t\t\t\t\t\t<\/div>\n\t\t","protected":false},"excerpt":{"rendered":"<p>Accenture Zone: Global Accenture est un leader mondial des services professionnels, sp\u00e9cialis\u00e9 dans les solutions num\u00e9riques, technologiques et de conseil, aidant les entreprises \u00e0 atteindre des performances exceptionnelles. En combinant une expertise technique en Enterprise Performance Management (EPM), Supply Chain Management (SCM) et Sales Performance Management (SPM) avec une connaissance approfondie des secteurs industriels, Accenture [&hellip;]<\/p>\n","protected":false},"author":2,"featured_media":0,"parent":92725,"menu_order":0,"comment_status":"closed","ping_status":"closed","template":"","meta":{"content-type":"","inline_featured_image":false,"footnotes":""},"folder":[36],"acf":[],"yoast_head":"<!-- This site is optimized with the Yoast SEO plugin v22.1 - https:\/\/yoast.com\/wordpress\/plugins\/seo\/ -->\n<title>Accenture - Vulki Software Platform<\/title>\n<meta name=\"description\" content=\"D\u00e9couvrez le partenariat entre Accenture et Vulki by Akeron pour soutenir la transformation de la performance commerciale.\" \/>\n<meta name=\"robots\" content=\"index, follow, max-snippet:-1, max-image-preview:large, max-video-preview:-1\" \/>\n<link rel=\"canonical\" href=\"https:\/\/www.akeron.com\/vulki\/fr\/partenaires-conseil-integrateur\/accenture\/\" \/>\n<meta property=\"og:locale\" content=\"fr_FR\" \/>\n<meta property=\"og:type\" content=\"article\" \/>\n<meta property=\"og:title\" content=\"Accenture - Vulki Software Platform\" \/>\n<meta property=\"og:description\" content=\"D\u00e9couvrez le partenariat entre Accenture et Vulki by Akeron pour soutenir la transformation de la performance commerciale.\" \/>\n<meta property=\"og:url\" content=\"https:\/\/www.akeron.com\/vulki\/fr\/partenaires-conseil-integrateur\/accenture\/\" \/>\n<meta property=\"og:site_name\" content=\"Vulki Software Platform\" \/>\n<meta property=\"article:modified_time\" content=\"2026-03-12T10:54:10+00:00\" \/>\n<meta name=\"twitter:card\" content=\"summary_large_image\" \/>\n<meta name=\"twitter:label1\" content=\"Dur\u00e9e de lecture estim\u00e9e\" \/>\n\t<meta name=\"twitter:data1\" content=\"1 minute\" \/>\n<script type=\"application\/ld+json\" class=\"yoast-schema-graph\">{\"@context\":\"https:\/\/schema.org\",\"@graph\":[{\"@type\":\"WebPage\",\"@id\":\"https:\/\/www.akeron.com\/vulki\/fr\/partenaires-conseil-integrateur\/accenture\/\",\"url\":\"https:\/\/www.akeron.com\/vulki\/fr\/partenaires-conseil-integrateur\/accenture\/\",\"name\":\"Accenture - Vulki Software Platform\",\"isPartOf\":{\"@id\":\"https:\/\/www.akeron.com\/vulki\/fr\/#website\"},\"datePublished\":\"2025-08-07T07:20:45+00:00\",\"dateModified\":\"2026-03-12T10:54:10+00:00\",\"description\":\"D\u00e9couvrez le partenariat entre Accenture et Vulki by Akeron pour soutenir la transformation de la performance commerciale.\",\"breadcrumb\":{\"@id\":\"https:\/\/www.akeron.com\/vulki\/fr\/partenaires-conseil-integrateur\/accenture\/#breadcrumb\"},\"inLanguage\":\"fr-FR\",\"potentialAction\":[{\"@type\":\"ReadAction\",\"target\":[\"https:\/\/www.akeron.com\/vulki\/fr\/partenaires-conseil-integrateur\/accenture\/\"]}]},{\"@type\":\"BreadcrumbList\",\"@id\":\"https:\/\/www.akeron.com\/vulki\/fr\/partenaires-conseil-integrateur\/accenture\/#breadcrumb\",\"itemListElement\":[{\"@type\":\"ListItem\",\"position\":1,\"name\":\"Home\",\"item\":\"https:\/\/www.akeron.com\/vulki\/fr\/\"},{\"@type\":\"ListItem\",\"position\":2,\"name\":\"Partenaires conseils &amp; int\u00e9grateurs\",\"item\":\"https:\/\/www.akeron.com\/vulki\/fr\/partenaires-conseil-integrateur\/\"},{\"@type\":\"ListItem\",\"position\":3,\"name\":\"Accenture\"}]},{\"@type\":\"WebSite\",\"@id\":\"https:\/\/www.akeron.com\/vulki\/fr\/#website\",\"url\":\"https:\/\/www.akeron.com\/vulki\/fr\/\",\"name\":\"Vulki Software Platform\",\"description\":\"Piattaforma modulare per motivare e vendere meglio\",\"publisher\":{\"@id\":\"https:\/\/www.akeron.com\/vulki\/fr\/#organization\"},\"potentialAction\":[{\"@type\":\"SearchAction\",\"target\":{\"@type\":\"EntryPoint\",\"urlTemplate\":\"https:\/\/www.akeron.com\/vulki\/fr\/?s={search_term_string}\"},\"query-input\":\"required name=search_term_string\"}],\"inLanguage\":\"fr-FR\"},{\"@type\":\"Organization\",\"@id\":\"https:\/\/www.akeron.com\/vulki\/fr\/#organization\",\"name\":\"Vulki Software Platform\",\"url\":\"https:\/\/www.akeron.com\/vulki\/fr\/\",\"logo\":{\"@type\":\"ImageObject\",\"inLanguage\":\"fr-FR\",\"@id\":\"https:\/\/www.akeron.com\/vulki\/fr\/#\/schema\/logo\/image\/\",\"url\":\"https:\/\/www.akeron.com\/vulki\/wp-content\/uploads\/sites\/2\/2023\/05\/LogoVulkiDef.svg\",\"contentUrl\":\"https:\/\/www.akeron.com\/vulki\/wp-content\/uploads\/sites\/2\/2023\/05\/LogoVulkiDef.svg\",\"caption\":\"Vulki Software Platform\"},\"image\":{\"@id\":\"https:\/\/www.akeron.com\/vulki\/fr\/#\/schema\/logo\/image\/\"}}]}<\/script>\n<!-- \/ Yoast SEO plugin. -->","yoast_head_json":{"title":"Accenture - Vulki Software Platform","description":"D\u00e9couvrez le partenariat entre Accenture et Vulki by Akeron pour soutenir la transformation de la performance commerciale.","robots":{"index":"index","follow":"follow","max-snippet":"max-snippet:-1","max-image-preview":"max-image-preview:large","max-video-preview":"max-video-preview:-1"},"canonical":"https:\/\/www.akeron.com\/vulki\/fr\/partenaires-conseil-integrateur\/accenture\/","og_locale":"fr_FR","og_type":"article","og_title":"Accenture - Vulki Software Platform","og_description":"D\u00e9couvrez le partenariat entre Accenture et Vulki by Akeron pour soutenir la transformation de la performance commerciale.","og_url":"https:\/\/www.akeron.com\/vulki\/fr\/partenaires-conseil-integrateur\/accenture\/","og_site_name":"Vulki Software Platform","article_modified_time":"2026-03-12T10:54:10+00:00","twitter_card":"summary_large_image","twitter_misc":{"Dur\u00e9e de lecture estim\u00e9e":"1 minute"},"schema":{"@context":"https:\/\/schema.org","@graph":[{"@type":"WebPage","@id":"https:\/\/www.akeron.com\/vulki\/fr\/partenaires-conseil-integrateur\/accenture\/","url":"https:\/\/www.akeron.com\/vulki\/fr\/partenaires-conseil-integrateur\/accenture\/","name":"Accenture - Vulki Software Platform","isPartOf":{"@id":"https:\/\/www.akeron.com\/vulki\/fr\/#website"},"datePublished":"2025-08-07T07:20:45+00:00","dateModified":"2026-03-12T10:54:10+00:00","description":"D\u00e9couvrez le partenariat entre Accenture et Vulki by Akeron pour soutenir la transformation de la performance commerciale.","breadcrumb":{"@id":"https:\/\/www.akeron.com\/vulki\/fr\/partenaires-conseil-integrateur\/accenture\/#breadcrumb"},"inLanguage":"fr-FR","potentialAction":[{"@type":"ReadAction","target":["https:\/\/www.akeron.com\/vulki\/fr\/partenaires-conseil-integrateur\/accenture\/"]}]},{"@type":"BreadcrumbList","@id":"https:\/\/www.akeron.com\/vulki\/fr\/partenaires-conseil-integrateur\/accenture\/#breadcrumb","itemListElement":[{"@type":"ListItem","position":1,"name":"Home","item":"https:\/\/www.akeron.com\/vulki\/fr\/"},{"@type":"ListItem","position":2,"name":"Partenaires conseils &amp; int\u00e9grateurs","item":"https:\/\/www.akeron.com\/vulki\/fr\/partenaires-conseil-integrateur\/"},{"@type":"ListItem","position":3,"name":"Accenture"}]},{"@type":"WebSite","@id":"https:\/\/www.akeron.com\/vulki\/fr\/#website","url":"https:\/\/www.akeron.com\/vulki\/fr\/","name":"Vulki Software Platform","description":"Piattaforma modulare per motivare e vendere meglio","publisher":{"@id":"https:\/\/www.akeron.com\/vulki\/fr\/#organization"},"potentialAction":[{"@type":"SearchAction","target":{"@type":"EntryPoint","urlTemplate":"https:\/\/www.akeron.com\/vulki\/fr\/?s={search_term_string}"},"query-input":"required name=search_term_string"}],"inLanguage":"fr-FR"},{"@type":"Organization","@id":"https:\/\/www.akeron.com\/vulki\/fr\/#organization","name":"Vulki Software Platform","url":"https:\/\/www.akeron.com\/vulki\/fr\/","logo":{"@type":"ImageObject","inLanguage":"fr-FR","@id":"https:\/\/www.akeron.com\/vulki\/fr\/#\/schema\/logo\/image\/","url":"https:\/\/www.akeron.com\/vulki\/wp-content\/uploads\/sites\/2\/2023\/05\/LogoVulkiDef.svg","contentUrl":"https:\/\/www.akeron.com\/vulki\/wp-content\/uploads\/sites\/2\/2023\/05\/LogoVulkiDef.svg","caption":"Vulki Software Platform"},"image":{"@id":"https:\/\/www.akeron.com\/vulki\/fr\/#\/schema\/logo\/image\/"}}]}},"_links":{"self":[{"href":"https:\/\/www.akeron.com\/vulki\/fr\/wp-json\/wp\/v2\/pages\/115276"}],"collection":[{"href":"https:\/\/www.akeron.com\/vulki\/fr\/wp-json\/wp\/v2\/pages"}],"about":[{"href":"https:\/\/www.akeron.com\/vulki\/fr\/wp-json\/wp\/v2\/types\/page"}],"author":[{"embeddable":true,"href":"https:\/\/www.akeron.com\/vulki\/fr\/wp-json\/wp\/v2\/users\/2"}],"replies":[{"embeddable":true,"href":"https:\/\/www.akeron.com\/vulki\/fr\/wp-json\/wp\/v2\/comments?post=115276"}],"version-history":[{"count":6,"href":"https:\/\/www.akeron.com\/vulki\/fr\/wp-json\/wp\/v2\/pages\/115276\/revisions"}],"predecessor-version":[{"id":124300,"href":"https:\/\/www.akeron.com\/vulki\/fr\/wp-json\/wp\/v2\/pages\/115276\/revisions\/124300"}],"up":[{"embeddable":true,"href":"https:\/\/www.akeron.com\/vulki\/fr\/wp-json\/wp\/v2\/pages\/92725"}],"wp:attachment":[{"href":"https:\/\/www.akeron.com\/vulki\/fr\/wp-json\/wp\/v2\/media?parent=115276"}],"wp:term":[{"taxonomy":"folder","embeddable":true,"href":"https:\/\/www.akeron.com\/vulki\/fr\/wp-json\/wp\/v2\/folder?post=115276"}],"curies":[{"name":"wp","href":"https:\/\/api.w.org\/{rel}","templated":true}]}}