{"id":92731,"date":"2023-10-04T17:18:46","date_gmt":"2023-10-04T15:18:46","guid":{"rendered":"https:\/\/www.akeron.com\/vulki\/business-partners-network\/cprmmatters\/"},"modified":"2026-03-12T11:56:26","modified_gmt":"2026-03-12T10:56:26","slug":"cpmmatters","status":"publish","type":"page","link":"https:\/\/www.akeron.com\/vulki\/fr\/partenaires-conseil-integrateur\/cpmmatters\/","title":{"rendered":"CPMmatters"},"content":{"rendered":"\t\t<div data-elementor-type=\"wp-page\" data-elementor-id=\"92731\" class=\"elementor elementor-92731 elementor-8589\" data-elementor-post-type=\"page\">\n\t\t\t\t\t\t\t\t\t<section class=\"elementor-section elementor-top-section elementor-element elementor-element-e1e4547 Platform Breadcrumb elementor-section-boxed elementor-section-height-default elementor-section-height-default\" data-id=\"e1e4547\" data-element_type=\"section\" data-settings=\"{&quot;background_background&quot;:&quot;classic&quot;}\">\n\t\t\t\t\t\t<div class=\"elementor-container elementor-column-gap-default\">\n\t\t\t\t\t<div class=\"elementor-column elementor-col-100 elementor-top-column elementor-element elementor-element-fd5cea2\" data-id=\"fd5cea2\" data-element_type=\"column\">\n\t\t\t<div class=\"elementor-widget-wrap elementor-element-populated\">\n\t\t\t\t\t\t\t\t<section class=\"elementor-section elementor-inner-section elementor-element elementor-element-dbebf28 elementor-section-boxed elementor-section-height-default elementor-section-height-default\" data-id=\"dbebf28\" data-element_type=\"section\">\n\t\t\t\t\t\t<div class=\"elementor-container elementor-column-gap-default\">\n\t\t\t\t\t<div class=\"elementor-column elementor-col-100 elementor-inner-column elementor-element elementor-element-ee83c32\" data-id=\"ee83c32\" data-element_type=\"column\">\n\t\t\t<div class=\"elementor-widget-wrap elementor-element-populated\">\n\t\t\t\t\t\t\t\t<div class=\"elementor-element elementor-element-d3b012d elementor-widget elementor-widget-shortcode\" data-id=\"d3b012d\" data-element_type=\"widget\" data-widget_type=\"shortcode.default\">\n\t\t\t\t<div class=\"elementor-widget-container\">\n\t\t\t    <div class=\"breadcrumbs\" typeof=\"BreadcrumbList\" vocab=\"https:\/\/schema.org\/\">\n    <!-- Breadcrumb NavXT 7.3.0 -->\n<span property=\"itemListElement\" typeof=\"ListItem\"><a property=\"item\" typeof=\"WebPage\" title=\"Go to Akeron.\" href=\"https:\/\/www.akeron.com\/\" class=\"main-home\" ><span property=\"name\">Akeron<\/span><\/a><meta property=\"position\" content=\"1\"><\/span><i>\/<\/i><span property=\"itemListElement\" typeof=\"ListItem\"><a property=\"item\" typeof=\"WebPage\" title=\"Go to Vulki Software Platform.\" href=\"https:\/\/www.akeron.com\/vulki\/fr\/\" class=\"home\" aria-current=\"page\"><span property=\"name\">Vulki Software Platform<\/span><\/a><meta property=\"position\" content=\"2\"><\/span>    <\/div>\t\t<div class=\"elementor-shortcode\"><\/div>\n\t\t\t\t<\/div>\n\t\t\t\t<\/div>\n\t\t\t\t\t<\/div>\n\t\t<\/div>\n\t\t\t\t\t\t\t<\/div>\n\t\t<\/section>\n\t\t\t\t\t<\/div>\n\t\t<\/div>\n\t\t\t\t\t\t\t<\/div>\n\t\t<\/section>\n\t\t\t\t<section class=\"elementor-section elementor-top-section elementor-element elementor-element-0c219a1 elementor-section-boxed elementor-section-height-default elementor-section-height-default\" data-id=\"0c219a1\" data-element_type=\"section\">\n\t\t\t\t\t\t<div class=\"elementor-container elementor-column-gap-default\">\n\t\t\t\t\t<div class=\"elementor-column elementor-col-100 elementor-top-column elementor-element elementor-element-43a2036\" data-id=\"43a2036\" data-element_type=\"column\">\n\t\t\t<div class=\"elementor-widget-wrap elementor-element-populated\">\n\t\t\t\t\t\t\t\t<section class=\"elementor-section elementor-inner-section elementor-element elementor-element-328b2c1 elementor-section-boxed elementor-section-height-default elementor-section-height-default\" data-id=\"328b2c1\" data-element_type=\"section\">\n\t\t\t\t\t\t<div class=\"elementor-container elementor-column-gap-default\">\n\t\t\t\t\t<div class=\"elementor-column elementor-col-100 elementor-inner-column elementor-element elementor-element-a60f07e\" data-id=\"a60f07e\" data-element_type=\"column\">\n\t\t\t<div class=\"elementor-widget-wrap elementor-element-populated\">\n\t\t\t\t\t\t\t\t<div class=\"elementor-element elementor-element-aa916c2 elementor-widget elementor-widget-heading\" data-id=\"aa916c2\" data-element_type=\"widget\" data-widget_type=\"heading.default\">\n\t\t\t\t<div class=\"elementor-widget-container\">\n\t\t\t<style>\/*! elementor - v3.15.0 - 20-08-2023 *\/\n.elementor-heading-title{padding:0;margin:0;line-height:1}.elementor-widget-heading .elementor-heading-title[class*=elementor-size-]>a{color:inherit;font-size:inherit;line-height:inherit}.elementor-widget-heading .elementor-heading-title.elementor-size-small{font-size:15px}.elementor-widget-heading .elementor-heading-title.elementor-size-medium{font-size:19px}.elementor-widget-heading .elementor-heading-title.elementor-size-large{font-size:29px}.elementor-widget-heading .elementor-heading-title.elementor-size-xl{font-size:39px}.elementor-widget-heading .elementor-heading-title.elementor-size-xxl{font-size:59px}<\/style><h1 class=\"elementor-heading-title elementor-size-default\">CPMmatters<\/h1>\t\t<\/div>\n\t\t\t\t<\/div>\n\t\t\t\t<div class=\"elementor-element elementor-element-0048946 elementor-widget elementor-widget-heading\" data-id=\"0048946\" data-element_type=\"widget\" data-widget_type=\"heading.default\">\n\t\t\t\t<div class=\"elementor-widget-container\">\n\t\t\t<div class=\"elementor-heading-title elementor-size-default\">Zone: Spain &amp; Latin America <\/div>\t\t<\/div>\n\t\t\t\t<\/div>\n\t\t\t\t<div class=\"elementor-element elementor-element-4080514 elementor-widget elementor-widget-spacer\" data-id=\"4080514\" data-element_type=\"widget\" data-widget_type=\"spacer.default\">\n\t\t\t\t<div class=\"elementor-widget-container\">\n\t\t\t<style>\/*! elementor - v3.15.0 - 20-08-2023 *\/\n.elementor-column .elementor-spacer-inner{height:var(--spacer-size)}.e-con{--container-widget-width:100%}.e-con-inner>.elementor-widget-spacer,.e-con>.elementor-widget-spacer{width:var(--container-widget-width,var(--spacer-size));--align-self:var(--container-widget-align-self,initial);--flex-shrink:0}.e-con-inner>.elementor-widget-spacer>.elementor-widget-container,.e-con-inner>.elementor-widget-spacer>.elementor-widget-container>.elementor-spacer,.e-con>.elementor-widget-spacer>.elementor-widget-container,.e-con>.elementor-widget-spacer>.elementor-widget-container>.elementor-spacer{height:100%}.e-con-inner>.elementor-widget-spacer>.elementor-widget-container>.elementor-spacer>.elementor-spacer-inner,.e-con>.elementor-widget-spacer>.elementor-widget-container>.elementor-spacer>.elementor-spacer-inner{height:var(--container-widget-height,var(--spacer-size))}<\/style>\t\t<div class=\"elementor-spacer\">\n\t\t\t<div class=\"elementor-spacer-inner\"><\/div>\n\t\t<\/div>\n\t\t\t\t<\/div>\n\t\t\t\t<\/div>\n\t\t\t\t\t<\/div>\n\t\t<\/div>\n\t\t\t\t\t\t\t<\/div>\n\t\t<\/section>\n\t\t\t\t<section class=\"elementor-section elementor-inner-section elementor-element elementor-element-8ce2f48 elementor-section-boxed elementor-section-height-default elementor-section-height-default\" data-id=\"8ce2f48\" data-element_type=\"section\">\n\t\t\t\t\t\t<div class=\"elementor-container elementor-column-gap-default\">\n\t\t\t\t\t<div class=\"elementor-column elementor-col-50 elementor-inner-column elementor-element elementor-element-b178c24\" data-id=\"b178c24\" data-element_type=\"column\">\n\t\t\t<div class=\"elementor-widget-wrap elementor-element-populated\">\n\t\t\t\t\t\t\t\t<div class=\"elementor-element elementor-element-e0dc99e elementor-widget elementor-widget-spacer\" data-id=\"e0dc99e\" data-element_type=\"widget\" data-widget_type=\"spacer.default\">\n\t\t\t\t<div class=\"elementor-widget-container\">\n\t\t\t\t\t<div class=\"elementor-spacer\">\n\t\t\t<div class=\"elementor-spacer-inner\"><\/div>\n\t\t<\/div>\n\t\t\t\t<\/div>\n\t\t\t\t<\/div>\n\t\t\t\t<div class=\"elementor-element elementor-element-4b8d317 elementor-widget elementor-widget-text-editor\" data-id=\"4b8d317\" data-element_type=\"widget\" data-widget_type=\"text-editor.default\">\n\t\t\t\t<div class=\"elementor-widget-container\">\n\t\t\t<style>\/*! elementor - v3.15.0 - 20-08-2023 *\/\n.elementor-widget-text-editor.elementor-drop-cap-view-stacked .elementor-drop-cap{background-color:#69727d;color:#fff}.elementor-widget-text-editor.elementor-drop-cap-view-framed .elementor-drop-cap{color:#69727d;border:3px solid;background-color:transparent}.elementor-widget-text-editor:not(.elementor-drop-cap-view-default) .elementor-drop-cap{margin-top:8px}.elementor-widget-text-editor:not(.elementor-drop-cap-view-default) .elementor-drop-cap-letter{width:1em;height:1em}.elementor-widget-text-editor .elementor-drop-cap{float:left;text-align:center;line-height:1;font-size:50px}.elementor-widget-text-editor .elementor-drop-cap-letter{display:inline-block}<\/style>\t\t\t\t<p>CPMmatters a \u00e9t\u00e9 fond\u00e9 en 2013 en Espagne pour aider les d\u00e9partements financiers \u00e0 transformer leurs processus en mettant en \u0153uvre des technologies innovantes afin de passer moins de temps \u00e0 traiter et \u00e0 r\u00e9concilier les donn\u00e9es et plus de temps \u00e0 analyser et \u00e0 conseiller leurs interlocuteurs.<\/p><p>Nos clients b\u00e9n\u00e9ficient d&rsquo;une plus grande granularit\u00e9, d&rsquo;une meilleure tra\u00e7abilit\u00e9 et d&rsquo;une plus grande fiabilit\u00e9 des donn\u00e9es qu&rsquo;ils produisent, avec moins d&rsquo;efforts et de risques.<\/p><p>Nous nous concentrons sur les processus de planification, de cl\u00f4ture, de consolidation et de reporting. Nous disposons d&rsquo;un grand nombre de solutions telles que des Starter packs pour une mise en \u0153uvre plus rapide, des rapports r\u00e9glementaires et des mod\u00e8les industrialis\u00e9s, ainsi que des solutions sp\u00e9cifiques \u00e0 chaque secteur d&rsquo;activit\u00e9.<\/p><p>Nous travaillons avec des clients dans toute la p\u00e9ninsule ib\u00e9rique et en Am\u00e9rique latine depuis nos bureaux espagnols, br\u00e9siliens, argentins et fran\u00e7ais.<\/p><p>Nous nous engageons totalement dans la r\u00e9ussite de nos clients et nous d\u00e9livrons des r\u00e9sultats de haute qualit\u00e9 \u00e0 des co\u00fbts comp\u00e9titifs.<\/p>\t\t\t\t\t\t<\/div>\n\t\t\t\t<\/div>\n\t\t\t\t\t<\/div>\n\t\t<\/div>\n\t\t\t\t<div class=\"elementor-column elementor-col-50 elementor-inner-column elementor-element elementor-element-61f23f5\" data-id=\"61f23f5\" data-element_type=\"column\">\n\t\t\t<div class=\"elementor-widget-wrap elementor-element-populated\">\n\t\t\t\t\t\t\t\t<div class=\"elementor-element elementor-element-d98f1eb elementor-widget elementor-widget-heading\" data-id=\"d98f1eb\" data-element_type=\"widget\" data-widget_type=\"heading.default\">\n\t\t\t\t<div class=\"elementor-widget-container\">\n\t\t\t<div class=\"elementor-heading-title elementor-size-default\">Phone<\/div>\t\t<\/div>\n\t\t\t\t<\/div>\n\t\t\t\t<div class=\"elementor-element elementor-element-1e59f7e elementor-widget elementor-widget-heading\" data-id=\"1e59f7e\" data-element_type=\"widget\" data-widget_type=\"heading.default\">\n\t\t\t\t<div class=\"elementor-widget-container\">\n\t\t\t<div class=\"elementor-heading-title elementor-size-default\">+34 918 336 229<\/div>\t\t<\/div>\n\t\t\t\t<\/div>\n\t\t\t\t<div class=\"elementor-element elementor-element-d422564 elementor-widget elementor-widget-heading\" data-id=\"d422564\" data-element_type=\"widget\" data-widget_type=\"heading.default\">\n\t\t\t\t<div class=\"elementor-widget-container\">\n\t\t\t<div class=\"elementor-heading-title elementor-size-default\">Email<\/div>\t\t<\/div>\n\t\t\t\t<\/div>\n\t\t\t\t<div class=\"elementor-element elementor-element-240c846 elementor-widget elementor-widget-heading\" data-id=\"240c846\" data-element_type=\"widget\" data-widget_type=\"heading.default\">\n\t\t\t\t<div class=\"elementor-widget-container\">\n\t\t\t<div class=\"elementor-heading-title elementor-size-default\">julio.lescano@cpmmatters.com<\/div>\t\t<\/div>\n\t\t\t\t<\/div>\n\t\t\t\t<div class=\"elementor-element elementor-element-6785c55 elementor-widget elementor-widget-heading\" data-id=\"6785c55\" data-element_type=\"widget\" data-widget_type=\"heading.default\">\n\t\t\t\t<div class=\"elementor-widget-container\">\n\t\t\t<div class=\"elementor-heading-title elementor-size-default\">Website<\/div>\t\t<\/div>\n\t\t\t\t<\/div>\n\t\t\t\t<div class=\"elementor-element elementor-element-80d5a82 elementor-widget elementor-widget-heading\" data-id=\"80d5a82\" data-element_type=\"widget\" data-widget_type=\"heading.default\">\n\t\t\t\t<div class=\"elementor-widget-container\">\n\t\t\t<div class=\"elementor-heading-title elementor-size-default\"><a href=\"https:\/\/cpmmatters.com\/\" target=\"_blank\">www.cpmmatters.com<\/a><\/div>\t\t<\/div>\n\t\t\t\t<\/div>\n\t\t\t\t<div class=\"elementor-element elementor-element-6e659f5 elementor-widget elementor-widget-heading\" data-id=\"6e659f5\" data-element_type=\"widget\" data-widget_type=\"heading.default\">\n\t\t\t\t<div class=\"elementor-widget-container\">\n\t\t\t<div class=\"elementor-heading-title elementor-size-default\">Adresse<\/div>\t\t<\/div>\n\t\t\t\t<\/div>\n\t\t\t\t<div class=\"elementor-element elementor-element-f4a82d6 elementor-widget elementor-widget-heading\" data-id=\"f4a82d6\" data-element_type=\"widget\" data-widget_type=\"heading.default\">\n\t\t\t\t<div class=\"elementor-widget-container\">\n\t\t\t<div class=\"elementor-heading-title elementor-size-default\">Calle Colombia 62, Bajo Izq B,28016, Madrid, Espa\u00f1a<\/div>\t\t<\/div>\n\t\t\t\t<\/div>\n\t\t\t\t\t<\/div>\n\t\t<\/div>\n\t\t\t\t\t\t\t<\/div>\n\t\t<\/section>\n\t\t\t\t\t<\/div>\n\t\t<\/div>\n\t\t\t\t\t\t\t<\/div>\n\t\t<\/section>\n\t\t\t\t\t\t\t<\/div>\n\t\t","protected":false},"excerpt":{"rendered":"<p>CPMmatters Zone: Spain &amp; Latin America CPMmatters a \u00e9t\u00e9 fond\u00e9 en 2013 en Espagne pour aider les d\u00e9partements financiers \u00e0 transformer leurs processus en mettant en \u0153uvre des technologies innovantes afin de passer moins de temps \u00e0 traiter et \u00e0 r\u00e9concilier les donn\u00e9es et plus de temps \u00e0 analyser et \u00e0 conseiller leurs interlocuteurs. Nos [&hellip;]<\/p>\n","protected":false},"author":2,"featured_media":0,"parent":92725,"menu_order":0,"comment_status":"closed","ping_status":"closed","template":"","meta":{"content-type":"","inline_featured_image":false,"footnotes":""},"folder":[36],"acf":[],"yoast_head":"<!-- This site is optimized with the Yoast SEO plugin v22.1 - https:\/\/yoast.com\/wordpress\/plugins\/seo\/ -->\n<title>CPMmatters - Vulki Software Platform<\/title>\n<meta name=\"description\" content=\"D\u00e9couvrez le partenariat entre CPM Matters et Vulki by Akeron pour am\u00e9liorer la gestion de la performance commerciale.\" \/>\n<meta name=\"robots\" content=\"index, follow, max-snippet:-1, max-image-preview:large, max-video-preview:-1\" \/>\n<link rel=\"canonical\" href=\"https:\/\/www.akeron.com\/vulki\/fr\/partenaires-conseil-integrateur\/cpmmatters\/\" \/>\n<meta property=\"og:locale\" content=\"fr_FR\" \/>\n<meta property=\"og:type\" content=\"article\" \/>\n<meta property=\"og:title\" content=\"CPMmatters - Vulki Software Platform\" \/>\n<meta property=\"og:description\" content=\"D\u00e9couvrez le partenariat entre CPM Matters et Vulki by Akeron pour am\u00e9liorer la gestion de la performance commerciale.\" \/>\n<meta property=\"og:url\" content=\"https:\/\/www.akeron.com\/vulki\/fr\/partenaires-conseil-integrateur\/cpmmatters\/\" \/>\n<meta property=\"og:site_name\" content=\"Vulki Software Platform\" \/>\n<meta property=\"article:modified_time\" content=\"2026-03-12T10:56:26+00:00\" \/>\n<meta name=\"twitter:card\" content=\"summary_large_image\" \/>\n<meta name=\"twitter:label1\" content=\"Dur\u00e9e de lecture estim\u00e9e\" \/>\n\t<meta name=\"twitter:data1\" content=\"2 minutes\" \/>\n<script type=\"application\/ld+json\" class=\"yoast-schema-graph\">{\"@context\":\"https:\/\/schema.org\",\"@graph\":[{\"@type\":\"WebPage\",\"@id\":\"https:\/\/www.akeron.com\/vulki\/fr\/partenaires-conseil-integrateur\/cpmmatters\/\",\"url\":\"https:\/\/www.akeron.com\/vulki\/fr\/partenaires-conseil-integrateur\/cpmmatters\/\",\"name\":\"CPMmatters - Vulki Software Platform\",\"isPartOf\":{\"@id\":\"https:\/\/www.akeron.com\/vulki\/fr\/#website\"},\"datePublished\":\"2023-10-04T15:18:46+00:00\",\"dateModified\":\"2026-03-12T10:56:26+00:00\",\"description\":\"D\u00e9couvrez le partenariat entre CPM Matters et Vulki by Akeron pour am\u00e9liorer la gestion de la performance commerciale.\",\"breadcrumb\":{\"@id\":\"https:\/\/www.akeron.com\/vulki\/fr\/partenaires-conseil-integrateur\/cpmmatters\/#breadcrumb\"},\"inLanguage\":\"fr-FR\",\"potentialAction\":[{\"@type\":\"ReadAction\",\"target\":[\"https:\/\/www.akeron.com\/vulki\/fr\/partenaires-conseil-integrateur\/cpmmatters\/\"]}]},{\"@type\":\"BreadcrumbList\",\"@id\":\"https:\/\/www.akeron.com\/vulki\/fr\/partenaires-conseil-integrateur\/cpmmatters\/#breadcrumb\",\"itemListElement\":[{\"@type\":\"ListItem\",\"position\":1,\"name\":\"Home\",\"item\":\"https:\/\/www.akeron.com\/vulki\/fr\/\"},{\"@type\":\"ListItem\",\"position\":2,\"name\":\"Partenaires conseils &amp; int\u00e9grateurs\",\"item\":\"https:\/\/www.akeron.com\/vulki\/fr\/partenaires-conseil-integrateur\/\"},{\"@type\":\"ListItem\",\"position\":3,\"name\":\"CPMmatters\"}]},{\"@type\":\"WebSite\",\"@id\":\"https:\/\/www.akeron.com\/vulki\/fr\/#website\",\"url\":\"https:\/\/www.akeron.com\/vulki\/fr\/\",\"name\":\"Vulki Software Platform\",\"description\":\"Piattaforma modulare per motivare e vendere meglio\",\"publisher\":{\"@id\":\"https:\/\/www.akeron.com\/vulki\/fr\/#organization\"},\"potentialAction\":[{\"@type\":\"SearchAction\",\"target\":{\"@type\":\"EntryPoint\",\"urlTemplate\":\"https:\/\/www.akeron.com\/vulki\/fr\/?s={search_term_string}\"},\"query-input\":\"required name=search_term_string\"}],\"inLanguage\":\"fr-FR\"},{\"@type\":\"Organization\",\"@id\":\"https:\/\/www.akeron.com\/vulki\/fr\/#organization\",\"name\":\"Vulki Software Platform\",\"url\":\"https:\/\/www.akeron.com\/vulki\/fr\/\",\"logo\":{\"@type\":\"ImageObject\",\"inLanguage\":\"fr-FR\",\"@id\":\"https:\/\/www.akeron.com\/vulki\/fr\/#\/schema\/logo\/image\/\",\"url\":\"https:\/\/www.akeron.com\/vulki\/wp-content\/uploads\/sites\/2\/2023\/05\/LogoVulkiDef.svg\",\"contentUrl\":\"https:\/\/www.akeron.com\/vulki\/wp-content\/uploads\/sites\/2\/2023\/05\/LogoVulkiDef.svg\",\"caption\":\"Vulki Software Platform\"},\"image\":{\"@id\":\"https:\/\/www.akeron.com\/vulki\/fr\/#\/schema\/logo\/image\/\"}}]}<\/script>\n<!-- \/ Yoast SEO plugin. -->","yoast_head_json":{"title":"CPMmatters - Vulki Software Platform","description":"D\u00e9couvrez le partenariat entre CPM Matters et Vulki by Akeron pour am\u00e9liorer la gestion de la performance commerciale.","robots":{"index":"index","follow":"follow","max-snippet":"max-snippet:-1","max-image-preview":"max-image-preview:large","max-video-preview":"max-video-preview:-1"},"canonical":"https:\/\/www.akeron.com\/vulki\/fr\/partenaires-conseil-integrateur\/cpmmatters\/","og_locale":"fr_FR","og_type":"article","og_title":"CPMmatters - Vulki Software Platform","og_description":"D\u00e9couvrez le partenariat entre CPM Matters et Vulki by Akeron pour am\u00e9liorer la gestion de la performance commerciale.","og_url":"https:\/\/www.akeron.com\/vulki\/fr\/partenaires-conseil-integrateur\/cpmmatters\/","og_site_name":"Vulki Software Platform","article_modified_time":"2026-03-12T10:56:26+00:00","twitter_card":"summary_large_image","twitter_misc":{"Dur\u00e9e de lecture estim\u00e9e":"2 minutes"},"schema":{"@context":"https:\/\/schema.org","@graph":[{"@type":"WebPage","@id":"https:\/\/www.akeron.com\/vulki\/fr\/partenaires-conseil-integrateur\/cpmmatters\/","url":"https:\/\/www.akeron.com\/vulki\/fr\/partenaires-conseil-integrateur\/cpmmatters\/","name":"CPMmatters - Vulki Software Platform","isPartOf":{"@id":"https:\/\/www.akeron.com\/vulki\/fr\/#website"},"datePublished":"2023-10-04T15:18:46+00:00","dateModified":"2026-03-12T10:56:26+00:00","description":"D\u00e9couvrez le partenariat entre CPM Matters et Vulki by Akeron pour am\u00e9liorer la gestion de la performance commerciale.","breadcrumb":{"@id":"https:\/\/www.akeron.com\/vulki\/fr\/partenaires-conseil-integrateur\/cpmmatters\/#breadcrumb"},"inLanguage":"fr-FR","potentialAction":[{"@type":"ReadAction","target":["https:\/\/www.akeron.com\/vulki\/fr\/partenaires-conseil-integrateur\/cpmmatters\/"]}]},{"@type":"BreadcrumbList","@id":"https:\/\/www.akeron.com\/vulki\/fr\/partenaires-conseil-integrateur\/cpmmatters\/#breadcrumb","itemListElement":[{"@type":"ListItem","position":1,"name":"Home","item":"https:\/\/www.akeron.com\/vulki\/fr\/"},{"@type":"ListItem","position":2,"name":"Partenaires conseils &amp; int\u00e9grateurs","item":"https:\/\/www.akeron.com\/vulki\/fr\/partenaires-conseil-integrateur\/"},{"@type":"ListItem","position":3,"name":"CPMmatters"}]},{"@type":"WebSite","@id":"https:\/\/www.akeron.com\/vulki\/fr\/#website","url":"https:\/\/www.akeron.com\/vulki\/fr\/","name":"Vulki Software Platform","description":"Piattaforma modulare per motivare e vendere meglio","publisher":{"@id":"https:\/\/www.akeron.com\/vulki\/fr\/#organization"},"potentialAction":[{"@type":"SearchAction","target":{"@type":"EntryPoint","urlTemplate":"https:\/\/www.akeron.com\/vulki\/fr\/?s={search_term_string}"},"query-input":"required name=search_term_string"}],"inLanguage":"fr-FR"},{"@type":"Organization","@id":"https:\/\/www.akeron.com\/vulki\/fr\/#organization","name":"Vulki Software Platform","url":"https:\/\/www.akeron.com\/vulki\/fr\/","logo":{"@type":"ImageObject","inLanguage":"fr-FR","@id":"https:\/\/www.akeron.com\/vulki\/fr\/#\/schema\/logo\/image\/","url":"https:\/\/www.akeron.com\/vulki\/wp-content\/uploads\/sites\/2\/2023\/05\/LogoVulkiDef.svg","contentUrl":"https:\/\/www.akeron.com\/vulki\/wp-content\/uploads\/sites\/2\/2023\/05\/LogoVulkiDef.svg","caption":"Vulki Software Platform"},"image":{"@id":"https:\/\/www.akeron.com\/vulki\/fr\/#\/schema\/logo\/image\/"}}]}},"_links":{"self":[{"href":"https:\/\/www.akeron.com\/vulki\/fr\/wp-json\/wp\/v2\/pages\/92731"}],"collection":[{"href":"https:\/\/www.akeron.com\/vulki\/fr\/wp-json\/wp\/v2\/pages"}],"about":[{"href":"https:\/\/www.akeron.com\/vulki\/fr\/wp-json\/wp\/v2\/types\/page"}],"author":[{"embeddable":true,"href":"https:\/\/www.akeron.com\/vulki\/fr\/wp-json\/wp\/v2\/users\/2"}],"replies":[{"embeddable":true,"href":"https:\/\/www.akeron.com\/vulki\/fr\/wp-json\/wp\/v2\/comments?post=92731"}],"version-history":[{"count":8,"href":"https:\/\/www.akeron.com\/vulki\/fr\/wp-json\/wp\/v2\/pages\/92731\/revisions"}],"predecessor-version":[{"id":124306,"href":"https:\/\/www.akeron.com\/vulki\/fr\/wp-json\/wp\/v2\/pages\/92731\/revisions\/124306"}],"up":[{"embeddable":true,"href":"https:\/\/www.akeron.com\/vulki\/fr\/wp-json\/wp\/v2\/pages\/92725"}],"wp:attachment":[{"href":"https:\/\/www.akeron.com\/vulki\/fr\/wp-json\/wp\/v2\/media?parent=92731"}],"wp:term":[{"taxonomy":"folder","embeddable":true,"href":"https:\/\/www.akeron.com\/vulki\/fr\/wp-json\/wp\/v2\/folder?post=92731"}],"curies":[{"name":"wp","href":"https:\/\/api.w.org\/{rel}","templated":true}]}}